{"id":59,"date":"2007-10-30T18:51:24","date_gmt":"2007-10-30T16:51:24","guid":{"rendered":"http:\/\/christianhaun.fanzine.dk\/?page_id=59"},"modified":"2007-10-30T18:51:24","modified_gmt":"2007-10-30T16:51:24","slug":"om-siden","status":"publish","type":"page","link":"https:\/\/christianhaun.fanzine.dk\/?page_id=59","title":{"rendered":"Om siden"},"content":{"rendered":"<p><a href=\"http:\/\/Christianhaun.fanzine.dk\">Christianhaun.fanzine.dk<\/a> er mit fors\u00f8g p\u00e5 at skabe en fanside for en sp\u00e6ndende, dansk forfatter, som jeg finder groft underpromoveret: Christian Haun (p\u00e5 sine f\u00f8rste b\u00f8ger Christian Haun Nielsen).<\/p>\n<p>Haun har skrevet adskillige b\u00f8ger, som alle kendetegnes ved, at de bev\u00e6ger sig i eller flirter med de fantastiske genrer. Og han er en af de f\u00e5 danske forfattere, som forlener dette med en h\u00f8j grad af litter\u00e6r kvalitet.<\/p>\n<p>Til at starte med vil jeg her samle udsnit af anmeldelser og interviews i det h\u00e5b, at andre m\u00e5ske lader sig inspirere til at l\u00e6se b\u00f8gerne.<\/p>\n<p align=\"right\"><a href=\"http:\/\/fanzine.dk\">Janus Andersen<\/a><\/p>\n","protected":false},"excerpt":{"rendered":"<p>Christianhaun.fanzine.dk er mit fors\u00f8g p\u00e5 at skabe en fanside for en sp\u00e6ndende, dansk forfatter, som jeg finder groft underpromoveret: Christian Haun (p\u00e5 sine f\u00f8rste b\u00f8ger Christian Haun Nielsen). Haun har skrevet adskillige b\u00f8ger, som alle kendetegnes ved, at de bev\u00e6ger sig i eller flirter med de fantastiske genrer. Og han er en af de f\u00e5 [&hellip;]<\/p>\n","protected":false},"author":2,"featured_media":0,"parent":0,"menu_order":0,"comment_status":"open","ping_status":"open","template":"","meta":{"footnotes":""},"_links":{"self":[{"href":"https:\/\/christianhaun.fanzine.dk\/index.php?rest_route=\/wp\/v2\/pages\/59"}],"collection":[{"href":"https:\/\/christianhaun.fanzine.dk\/index.php?rest_route=\/wp\/v2\/pages"}],"about":[{"href":"https:\/\/christianhaun.fanzine.dk\/index.php?rest_route=\/wp\/v2\/types\/page"}],"author":[{"embeddable":true,"href":"https:\/\/christianhaun.fanzine.dk\/index.php?rest_route=\/wp\/v2\/users\/2"}],"replies":[{"embeddable":true,"href":"https:\/\/christianhaun.fanzine.dk\/index.php?rest_route=%2Fwp%2Fv2%2Fcomments&post=59"}],"version-history":[{"count":0,"href":"https:\/\/christianhaun.fanzine.dk\/index.php?rest_route=\/wp\/v2\/pages\/59\/revisions"}],"wp:attachment":[{"href":"https:\/\/christianhaun.fanzine.dk\/index.php?rest_route=%2Fwp%2Fv2%2Fmedia&parent=59"}],"curies":[{"name":"wp","href":"https:\/\/api.w.org\/{rel}","templated":true}]}}