{"id":6,"date":"2007-08-28T09:06:27","date_gmt":"2007-08-28T07:06:27","guid":{"rendered":"http:\/\/christianhaun.fanzine.dk\/?page_id=6"},"modified":"2007-08-28T09:06:27","modified_gmt":"2007-08-28T07:06:27","slug":"biografi","status":"publish","type":"page","link":"https:\/\/christianhaun.fanzine.dk\/?page_id=6","title":{"rendered":"Biografi"},"content":{"rendered":"<p>F\u00f8dt: 1974.<br \/>\nDebut: Naut.  1999<\/p>\n<p>Er vokset op i og omkring \u00c5rhus.<br \/>\nHar rejst.<br \/>\nHar l\u00e6st p\u00e5 universitetet.<br \/>\nHar tjent penge til mad ved ufagl\u00e6rt arbejde i industrien og servicefagene.<br \/>\nHar rejst i tiden.<br \/>\nHar f\u00e5et b\u00f8rn.<br \/>\nHar haft knallertk\u00f8rekort siden 1989, men cykler eller spadserer hellere.Biografien er udarbejdet af forfatteren.<br \/>\nOprindelig publiceret ForfatterNet \u00c5rhus &#8211; 26. februar 1999<\/p>\n","protected":false},"excerpt":{"rendered":"<p>F\u00f8dt: 1974. Debut: Naut. 1999 Er vokset op i og omkring \u00c5rhus. Har rejst. Har l\u00e6st p\u00e5 universitetet. Har tjent penge til mad ved ufagl\u00e6rt arbejde i industrien og servicefagene. Har rejst i tiden. Har f\u00e5et b\u00f8rn. Har haft knallertk\u00f8rekort siden 1989, men cykler eller spadserer hellere.Biografien er udarbejdet af forfatteren. Oprindelig publiceret ForfatterNet \u00c5rhus [&hellip;]<\/p>\n","protected":false},"author":2,"featured_media":0,"parent":0,"menu_order":0,"comment_status":"open","ping_status":"open","template":"","meta":{"footnotes":""},"_links":{"self":[{"href":"https:\/\/christianhaun.fanzine.dk\/index.php?rest_route=\/wp\/v2\/pages\/6"}],"collection":[{"href":"https:\/\/christianhaun.fanzine.dk\/index.php?rest_route=\/wp\/v2\/pages"}],"about":[{"href":"https:\/\/christianhaun.fanzine.dk\/index.php?rest_route=\/wp\/v2\/types\/page"}],"author":[{"embeddable":true,"href":"https:\/\/christianhaun.fanzine.dk\/index.php?rest_route=\/wp\/v2\/users\/2"}],"replies":[{"embeddable":true,"href":"https:\/\/christianhaun.fanzine.dk\/index.php?rest_route=%2Fwp%2Fv2%2Fcomments&post=6"}],"version-history":[{"count":0,"href":"https:\/\/christianhaun.fanzine.dk\/index.php?rest_route=\/wp\/v2\/pages\/6\/revisions"}],"wp:attachment":[{"href":"https:\/\/christianhaun.fanzine.dk\/index.php?rest_route=%2Fwp%2Fv2%2Fmedia&parent=6"}],"curies":[{"name":"wp","href":"https:\/\/api.w.org\/{rel}","templated":true}]}}